{"id":2141,"date":"2017-09-11T15:56:58","date_gmt":"2017-09-11T15:56:58","guid":{"rendered":"http:\/\/millametelyk.com\/?page_id=2141"},"modified":"2022-11-22T01:21:08","modified_gmt":"2022-11-22T01:21:08","slug":"tryst","status":"publish","type":"page","link":"https:\/\/millametelyk.com\/fr\/tryst\/","title":{"rendered":"RENDEZ-VOUS"},"content":{"rendered":"<p><div class=\"fusion-fullwidth fullwidth-box fusion-builder-row-1 nonhundred-percent-fullwidth non-hundred-percent-height-scrolling\" style=\"--awb-border-radius-top-left:0px;--awb-border-radius-top-right:0px;--awb-border-radius-bottom-right:0px;--awb-border-radius-bottom-left:0px;--awb-flex-wrap:wrap;\" ><div class=\"fusion-builder-row fusion-row\"><div class=\"fusion-layout-column fusion_builder_column fusion-builder-column-0 fusion_builder_column_1_1 1_1 fusion-one-full fusion-column-first fusion-column-last\" style=\"--awb-bg-size:cover;\"><div class=\"fusion-column-wrapper fusion-flex-column-wrapper-legacy\"><div class=\"fusion-sep-clear\"><\/div><div class=\"fusion-separator fusion-full-width-sep\" style=\"margin-left: auto;margin-right: auto;margin-top:60px;width:100%;\"><\/div><div class=\"fusion-sep-clear\"><\/div><div class=\"fusion-text fusion-text-1\" style=\"--awb-font-size:22px;--awb-text-transform:none;\"><div class=\"eds-animate edsanimate-sis-hidden\" data-eds-entry-animation=\"slideInRight\" data-eds-entry-delay=\"0\" data-eds-entry-duration=\"4\" data-eds-entry-timing=\"linear\" data-eds-exit-animation=\"\" data-eds-exit-delay=\"\" data-eds-exit-duration=\"\" data-eds-exit-timing=\"\" data-eds-repeat-count=\"1\" data-eds-keep=\"yes\" data-eds-animate-on=\"scroll\" data-eds-scroll-offset=\"75\">\n<p style=\"text-align: center;\" class=\"translation-block\">Pour ceux qui pr\u00e9f\u00e8rent une rencontre teint\u00e9e de romantisme,<br>\nde douce passion et de tendre affection exprim\u00e9es \u00e0 travers<br>\nle sexe, nos rendez-vous galants iront d\u2019intenses conversations<br>\nsur l\u2019oreiller et de non moins intenses c\u00e2lins, jusqu\u2019\u00e0 un<br>\npassionn\u00e9 fuckathon impr\u00e9gn\u00e9 de sueur et multi-orgasmique.<br>\nJe r\u00e9pondrai naturellement \u00e0 vos besoins et d\u00e9sirs particuliers.<br>\n D\u00e9couvrons maintenant notre chimie ...<\/p>\n<\/div>\n<\/div><div class=\"fusion-sep-clear\"><\/div><div class=\"fusion-separator fusion-full-width-sep\" style=\"margin-left: auto;margin-right: auto;margin-top:40px;width:100%;\"><\/div><div class=\"fusion-sep-clear\"><\/div><div class=\"fusion-clearfix\"><\/div><\/div><\/div><\/div><\/div><div class=\"fusion-fullwidth fullwidth-box fusion-builder-row-2 hundred-percent-fullwidth non-hundred-percent-height-scrolling\" style=\"--awb-border-radius-top-left:0px;--awb-border-radius-top-right:0px;--awb-border-radius-bottom-right:0px;--awb-border-radius-bottom-left:0px;--awb-flex-wrap:wrap;\" ><div class=\"fusion-builder-row fusion-row\"><div class=\"fusion-layout-column fusion_builder_column fusion-builder-column-1 fusion_builder_column_1_3 1_3 fusion-one-third fusion-column-first\" style=\"--awb-bg-size:cover;width:33.333333333333%;width:calc(33.333333333333% - ( ( 4% + 4% ) * 0.33333333333333 ) );margin-right: 4%;\"><div class=\"fusion-column-wrapper fusion-flex-column-wrapper-legacy\"><div class=\"fusion-text fusion-text-2\" style=\"--awb-text-transform:none;\"><p><div class=\"eds-animate edsanimate-sis-hidden\" data-eds-entry-animation=\"slideInLeft\" data-eds-entry-delay=\"0\" data-eds-entry-duration=\"3\" data-eds-entry-timing=\"linear\" data-eds-exit-animation=\"\" data-eds-exit-delay=\"\" data-eds-exit-duration=\"\" data-eds-exit-timing=\"\" data-eds-repeat-count=\"1\" data-eds-keep=\"yes\" data-eds-animate-on=\"scroll\" data-eds-scroll-offset=\"75\"><img decoding=\"async\" class=\"alignnone wp-image-6224 size-large\" src=\"https:\/\/millametelyk.com\/wp-content\/uploads\/2022\/11\/BBoudoir_milla-396_3Mo_zoom-693x1024.jpg\" alt=\"\" width=\"693\" height=\"1024\" srcset=\"https:\/\/millametelyk.com\/wp-content\/uploads\/2022\/11\/BBoudoir_milla-396_3Mo_zoom-8x12.jpg 8w, https:\/\/millametelyk.com\/wp-content\/uploads\/2022\/11\/BBoudoir_milla-396_3Mo_zoom-200x296.jpg 200w, https:\/\/millametelyk.com\/wp-content\/uploads\/2022\/11\/BBoudoir_milla-396_3Mo_zoom-203x300.jpg 203w, https:\/\/millametelyk.com\/wp-content\/uploads\/2022\/11\/BBoudoir_milla-396_3Mo_zoom-400x591.jpg 400w, https:\/\/millametelyk.com\/wp-content\/uploads\/2022\/11\/BBoudoir_milla-396_3Mo_zoom-600x887.jpg 600w, https:\/\/millametelyk.com\/wp-content\/uploads\/2022\/11\/BBoudoir_milla-396_3Mo_zoom-693x1024.jpg 693w, https:\/\/millametelyk.com\/wp-content\/uploads\/2022\/11\/BBoudoir_milla-396_3Mo_zoom-768x1135.jpg 768w, https:\/\/millametelyk.com\/wp-content\/uploads\/2022\/11\/BBoudoir_milla-396_3Mo_zoom-800x1183.jpg 800w, https:\/\/millametelyk.com\/wp-content\/uploads\/2022\/11\/BBoudoir_milla-396_3Mo_zoom-1039x1536.jpg 1039w, https:\/\/millametelyk.com\/wp-content\/uploads\/2022\/11\/BBoudoir_milla-396_3Mo_zoom-1200x1774.jpg 1200w, https:\/\/millametelyk.com\/wp-content\/uploads\/2022\/11\/BBoudoir_milla-396_3Mo_zoom-1385x2048.jpg 1385w, https:\/\/millametelyk.com\/wp-content\/uploads\/2022\/11\/BBoudoir_milla-396_3Mo_zoom-scaled.jpg 1732w\" sizes=\"(max-width: 693px) 100vw, 693px\" \/><\/p>\n<h4 style=\"text-align: center;\"><a href=\"http:\/\/millametelyk.com\/fr\/top-class-courtesan\/\">Courtisane<\/a><\/h4>\n<\/div>\n<\/div><div class=\"fusion-clearfix\"><\/div><\/div><\/div><div class=\"fusion-layout-column fusion_builder_column fusion-builder-column-2 fusion_builder_column_1_3 1_3 fusion-one-third\" style=\"--awb-bg-size:cover;width:33.333333333333%;width:calc(33.333333333333% - ( ( 4% + 4% ) * 0.33333333333333 ) );margin-right: 4%;\"><div class=\"fusion-column-wrapper fusion-flex-column-wrapper-legacy\"><div class=\"fusion-text fusion-text-3\" style=\"--awb-text-transform:none;\"><p><div class=\"eds-animate edsanimate-sis-hidden\" data-eds-entry-animation=\"slideInDown\" data-eds-entry-delay=\"0\" data-eds-entry-duration=\"3\" data-eds-entry-timing=\"linear\" data-eds-exit-animation=\"\" data-eds-exit-delay=\"\" data-eds-exit-duration=\"\" data-eds-exit-timing=\"\" data-eds-repeat-count=\"1\" data-eds-keep=\"yes\" data-eds-animate-on=\"scroll\" data-eds-scroll-offset=\"75\"><img decoding=\"async\" class=\"alignnone wp-image-6226 size-large\" src=\"https:\/\/millametelyk.com\/wp-content\/uploads\/2022\/11\/1E5A1331_28Mo-683x1024.jpg\" alt=\"\" width=\"683\" height=\"1024\" srcset=\"https:\/\/millametelyk.com\/wp-content\/uploads\/2022\/11\/1E5A1331_28Mo-8x12.jpg 8w, https:\/\/millametelyk.com\/wp-content\/uploads\/2022\/11\/1E5A1331_28Mo-200x300.jpg 200w, https:\/\/millametelyk.com\/wp-content\/uploads\/2022\/11\/1E5A1331_28Mo-400x600.jpg 400w, https:\/\/millametelyk.com\/wp-content\/uploads\/2022\/11\/1E5A1331_28Mo-600x900.jpg 600w, https:\/\/millametelyk.com\/wp-content\/uploads\/2022\/11\/1E5A1331_28Mo-683x1024.jpg 683w, https:\/\/millametelyk.com\/wp-content\/uploads\/2022\/11\/1E5A1331_28Mo-768x1152.jpg 768w, https:\/\/millametelyk.com\/wp-content\/uploads\/2022\/11\/1E5A1331_28Mo-800x1200.jpg 800w, https:\/\/millametelyk.com\/wp-content\/uploads\/2022\/11\/1E5A1331_28Mo-1024x1536.jpg 1024w, https:\/\/millametelyk.com\/wp-content\/uploads\/2022\/11\/1E5A1331_28Mo-1200x1800.jpg 1200w, https:\/\/millametelyk.com\/wp-content\/uploads\/2022\/11\/1E5A1331_28Mo-1365x2048.jpg 1365w, https:\/\/millametelyk.com\/wp-content\/uploads\/2022\/11\/1E5A1331_28Mo-scaled.jpg 1707w\" sizes=\"(max-width: 683px) 100vw, 683px\" \/><\/p>\n<h4 style=\"text-align: center;\"><a href=\"http:\/\/millametelyk.com\/fr\/elite-travel-companion\/\">Compagne de voyage<\/a><\/h4>\n<\/div>\n<\/div><div class=\"fusion-clearfix\"><\/div><\/div><\/div><div class=\"fusion-layout-column fusion_builder_column fusion-builder-column-3 fusion_builder_column_1_3 1_3 fusion-one-third fusion-column-last\" style=\"--awb-bg-size:cover;width:33.333333333333%;width:calc(33.333333333333% - ( ( 4% + 4% ) * 0.33333333333333 ) );\"><div class=\"fusion-column-wrapper fusion-flex-column-wrapper-legacy\"><div class=\"fusion-text fusion-text-4\" style=\"--awb-text-transform:none;\"><p><div class=\"eds-animate edsanimate-sis-hidden\" data-eds-entry-animation=\"slideInRight\" data-eds-entry-delay=\"0\" data-eds-entry-duration=\"3\" data-eds-entry-timing=\"linear\" data-eds-exit-animation=\"\" data-eds-exit-delay=\"\" data-eds-exit-duration=\"\" data-eds-exit-timing=\"\" data-eds-repeat-count=\"1\" data-eds-keep=\"yes\" data-eds-animate-on=\"scroll\" data-eds-scroll-offset=\"75\"><a href=\"http:\/\/millametelyk.com\/fr\/tantric-erotic-massage\/\"><img decoding=\"async\" class=\"aligncenter wp-image-4154 size-full\" src=\"https:\/\/millametelyk.com\/wp-content\/uploads\/2020\/01\/Photo2-MPP_18.jpg\" alt=\"\" width=\"667\" height=\"1000\" srcset=\"https:\/\/millametelyk.com\/wp-content\/uploads\/2020\/01\/Photo2-MPP_18-200x300.jpg 200w, https:\/\/millametelyk.com\/wp-content\/uploads\/2020\/01\/Photo2-MPP_18-400x600.jpg 400w, https:\/\/millametelyk.com\/wp-content\/uploads\/2020\/01\/Photo2-MPP_18-600x900.jpg 600w, https:\/\/millametelyk.com\/wp-content\/uploads\/2020\/01\/Photo2-MPP_18.jpg 667w\" sizes=\"(max-width: 667px) 100vw, 667px\" \/><\/a><\/p>\n<h4 style=\"text-align: center;\"><a href=\"http:\/\/millametelyk.com\/fr\/tantric-erotic-massage\/\">Massage \u00e9rotique tantrique<\/a><\/h4>\n<\/div>\n<\/div><div class=\"fusion-clearfix\"><\/div><\/div><\/div><\/div><\/div><\/p>","protected":false},"excerpt":{"rendered":"","protected":false},"author":2,"featured_media":0,"parent":0,"menu_order":0,"comment_status":"open","ping_status":"closed","template":"100-width.php","meta":{"footnotes":""},"class_list":["post-2141","page","type-page","status-publish","hentry"],"yoast_head":"<!-- This site is optimized with the Yoast SEO Premium plugin v27.0 (Yoast SEO v27.4) - https:\/\/yoast.com\/product\/yoast-seo-premium-wordpress\/ -->\n<title>TRYST &#8902; Milla Metelyk<\/title>\n<meta name=\"robots\" content=\"index, follow, max-snippet:-1, max-image-preview:large, max-video-preview:-1\" \/>\n<link rel=\"canonical\" href=\"https:\/\/millametelyk.com\/fr\/tryst\/\" \/>\n<meta property=\"og:locale\" content=\"fr_CA\" \/>\n<meta property=\"og:type\" content=\"article\" \/>\n<meta property=\"og:title\" content=\"TRYST\" \/>\n<meta property=\"og:url\" content=\"https:\/\/millametelyk.com\/fr\/tryst\/\" \/>\n<meta property=\"og:site_name\" content=\"Milla Metelyk\" \/>\n<meta property=\"article:modified_time\" content=\"2022-11-22T01:21:08+00:00\" \/>\n<meta property=\"og:image\" content=\"https:\/\/millametelyk.com\/wp-content\/uploads\/2022\/11\/BBoudoir_milla-396_3Mo_zoom-693x1024.jpg\" \/>\n<meta name=\"twitter:card\" content=\"summary_large_image\" \/>\n<meta name=\"twitter:label1\" content=\"Estimation du temps de lecture\" \/>\n\t<meta name=\"twitter:data1\" content=\"3 minutes\" \/>\n<script type=\"application\/ld+json\" class=\"yoast-schema-graph\">{\"@context\":\"https:\\\/\\\/schema.org\",\"@graph\":[{\"@type\":\"WebPage\",\"@id\":\"https:\\\/\\\/millametelyk.com\\\/tryst\\\/\",\"url\":\"https:\\\/\\\/millametelyk.com\\\/tryst\\\/\",\"name\":\"TRYST &#8902; Milla Metelyk\",\"isPartOf\":{\"@id\":\"https:\\\/\\\/millametelyk.com\\\/#website\"},\"primaryImageOfPage\":{\"@id\":\"https:\\\/\\\/millametelyk.com\\\/tryst\\\/#primaryimage\"},\"image\":{\"@id\":\"https:\\\/\\\/millametelyk.com\\\/tryst\\\/#primaryimage\"},\"thumbnailUrl\":\"https:\\\/\\\/millametelyk.com\\\/wp-content\\\/uploads\\\/2022\\\/11\\\/BBoudoir_milla-396_3Mo_zoom-693x1024.jpg\",\"datePublished\":\"2017-09-11T15:56:58+00:00\",\"dateModified\":\"2022-11-22T01:21:08+00:00\",\"breadcrumb\":{\"@id\":\"https:\\\/\\\/millametelyk.com\\\/tryst\\\/#breadcrumb\"},\"inLanguage\":\"fr-CA\",\"potentialAction\":[{\"@type\":\"ReadAction\",\"target\":[\"https:\\\/\\\/millametelyk.com\\\/tryst\\\/\"]}]},{\"@type\":\"ImageObject\",\"inLanguage\":\"fr-CA\",\"@id\":\"https:\\\/\\\/millametelyk.com\\\/tryst\\\/#primaryimage\",\"url\":\"https:\\\/\\\/millametelyk.com\\\/wp-content\\\/uploads\\\/2022\\\/11\\\/BBoudoir_milla-396_3Mo_zoom-693x1024.jpg\",\"contentUrl\":\"https:\\\/\\\/millametelyk.com\\\/wp-content\\\/uploads\\\/2022\\\/11\\\/BBoudoir_milla-396_3Mo_zoom-693x1024.jpg\"},{\"@type\":\"BreadcrumbList\",\"@id\":\"https:\\\/\\\/millametelyk.com\\\/tryst\\\/#breadcrumb\",\"itemListElement\":[{\"@type\":\"ListItem\",\"position\":1,\"name\":\"Home\",\"item\":\"https:\\\/\\\/millametelyk.com\\\/\"},{\"@type\":\"ListItem\",\"position\":2,\"name\":\"TRYST\"}]},{\"@type\":\"WebSite\",\"@id\":\"https:\\\/\\\/millametelyk.com\\\/#website\",\"url\":\"https:\\\/\\\/millametelyk.com\\\/\",\"name\":\"Milla Metelyk\",\"description\":\"Top Class Courtesan &amp; Elite Travel Companion\",\"publisher\":{\"@id\":\"https:\\\/\\\/millametelyk.com\\\/#\\\/schema\\\/person\\\/fbc5b03cfce08f97592cc5f231882754\"},\"potentialAction\":[{\"@type\":\"SearchAction\",\"target\":{\"@type\":\"EntryPoint\",\"urlTemplate\":\"https:\\\/\\\/millametelyk.com\\\/?s={search_term_string}\"},\"query-input\":{\"@type\":\"PropertyValueSpecification\",\"valueRequired\":true,\"valueName\":\"search_term_string\"}}],\"inLanguage\":\"fr-CA\"},{\"@type\":[\"Person\",\"Organization\"],\"@id\":\"https:\\\/\\\/millametelyk.com\\\/#\\\/schema\\\/person\\\/fbc5b03cfce08f97592cc5f231882754\",\"name\":\"millametelyk\",\"image\":{\"@type\":\"ImageObject\",\"inLanguage\":\"fr-CA\",\"@id\":\"https:\\\/\\\/millametelyk.com\\\/wp-content\\\/uploads\\\/2020\\\/10\\\/20-Photo1-lux_FucshiaBodysuitSet_4-scaled.jpeg\",\"url\":\"https:\\\/\\\/millametelyk.com\\\/wp-content\\\/uploads\\\/2020\\\/10\\\/20-Photo1-lux_FucshiaBodysuitSet_4-scaled.jpeg\",\"contentUrl\":\"https:\\\/\\\/millametelyk.com\\\/wp-content\\\/uploads\\\/2020\\\/10\\\/20-Photo1-lux_FucshiaBodysuitSet_4-scaled.jpeg\",\"width\":1708,\"height\":2560,\"caption\":\"millametelyk\"},\"logo\":{\"@id\":\"https:\\\/\\\/millametelyk.com\\\/wp-content\\\/uploads\\\/2020\\\/10\\\/20-Photo1-lux_FucshiaBodysuitSet_4-scaled.jpeg\"}}]}<\/script>\n<!-- \/ Yoast SEO Premium plugin. -->","yoast_head_json":{"title":"TRYST &#8902; Milla Metelyk","robots":{"index":"index","follow":"follow","max-snippet":"max-snippet:-1","max-image-preview":"max-image-preview:large","max-video-preview":"max-video-preview:-1"},"canonical":"https:\/\/millametelyk.com\/fr\/tryst\/","og_locale":"fr_CA","og_type":"article","og_title":"TRYST","og_url":"https:\/\/millametelyk.com\/fr\/tryst\/","og_site_name":"Milla Metelyk","article_modified_time":"2022-11-22T01:21:08+00:00","og_image":[{"url":"https:\/\/millametelyk.com\/wp-content\/uploads\/2022\/11\/BBoudoir_milla-396_3Mo_zoom-693x1024.jpg","type":"","width":"","height":""}],"twitter_card":"summary_large_image","twitter_misc":{"Estimation du temps de lecture":"3 minutes"},"schema":{"@context":"https:\/\/schema.org","@graph":[{"@type":"WebPage","@id":"https:\/\/millametelyk.com\/tryst\/","url":"https:\/\/millametelyk.com\/tryst\/","name":"TRYST &#8902; Milla Metelyk","isPartOf":{"@id":"https:\/\/millametelyk.com\/#website"},"primaryImageOfPage":{"@id":"https:\/\/millametelyk.com\/tryst\/#primaryimage"},"image":{"@id":"https:\/\/millametelyk.com\/tryst\/#primaryimage"},"thumbnailUrl":"https:\/\/millametelyk.com\/wp-content\/uploads\/2022\/11\/BBoudoir_milla-396_3Mo_zoom-693x1024.jpg","datePublished":"2017-09-11T15:56:58+00:00","dateModified":"2022-11-22T01:21:08+00:00","breadcrumb":{"@id":"https:\/\/millametelyk.com\/tryst\/#breadcrumb"},"inLanguage":"fr-CA","potentialAction":[{"@type":"ReadAction","target":["https:\/\/millametelyk.com\/tryst\/"]}]},{"@type":"ImageObject","inLanguage":"fr-CA","@id":"https:\/\/millametelyk.com\/tryst\/#primaryimage","url":"https:\/\/millametelyk.com\/wp-content\/uploads\/2022\/11\/BBoudoir_milla-396_3Mo_zoom-693x1024.jpg","contentUrl":"https:\/\/millametelyk.com\/wp-content\/uploads\/2022\/11\/BBoudoir_milla-396_3Mo_zoom-693x1024.jpg"},{"@type":"BreadcrumbList","@id":"https:\/\/millametelyk.com\/tryst\/#breadcrumb","itemListElement":[{"@type":"ListItem","position":1,"name":"Home","item":"https:\/\/millametelyk.com\/"},{"@type":"ListItem","position":2,"name":"TRYST"}]},{"@type":"WebSite","@id":"https:\/\/millametelyk.com\/#website","url":"https:\/\/millametelyk.com\/","name":"Milla Metelyk","description":"Top Class Courtesan &amp; Elite Travel Companion","publisher":{"@id":"https:\/\/millametelyk.com\/#\/schema\/person\/fbc5b03cfce08f97592cc5f231882754"},"potentialAction":[{"@type":"SearchAction","target":{"@type":"EntryPoint","urlTemplate":"https:\/\/millametelyk.com\/?s={search_term_string}"},"query-input":{"@type":"PropertyValueSpecification","valueRequired":true,"valueName":"search_term_string"}}],"inLanguage":"fr-CA"},{"@type":["Person","Organization"],"@id":"https:\/\/millametelyk.com\/#\/schema\/person\/fbc5b03cfce08f97592cc5f231882754","name":"millametelyk","image":{"@type":"ImageObject","inLanguage":"fr-CA","@id":"https:\/\/millametelyk.com\/wp-content\/uploads\/2020\/10\/20-Photo1-lux_FucshiaBodysuitSet_4-scaled.jpeg","url":"https:\/\/millametelyk.com\/wp-content\/uploads\/2020\/10\/20-Photo1-lux_FucshiaBodysuitSet_4-scaled.jpeg","contentUrl":"https:\/\/millametelyk.com\/wp-content\/uploads\/2020\/10\/20-Photo1-lux_FucshiaBodysuitSet_4-scaled.jpeg","width":1708,"height":2560,"caption":"millametelyk"},"logo":{"@id":"https:\/\/millametelyk.com\/wp-content\/uploads\/2020\/10\/20-Photo1-lux_FucshiaBodysuitSet_4-scaled.jpeg"}}]}},"_links":{"self":[{"href":"https:\/\/millametelyk.com\/fr\/wp-json\/wp\/v2\/pages\/2141","targetHints":{"allow":["GET"]}}],"collection":[{"href":"https:\/\/millametelyk.com\/fr\/wp-json\/wp\/v2\/pages"}],"about":[{"href":"https:\/\/millametelyk.com\/fr\/wp-json\/wp\/v2\/types\/page"}],"author":[{"embeddable":true,"href":"https:\/\/millametelyk.com\/fr\/wp-json\/wp\/v2\/users\/2"}],"replies":[{"embeddable":true,"href":"https:\/\/millametelyk.com\/fr\/wp-json\/wp\/v2\/comments?post=2141"}],"version-history":[{"count":108,"href":"https:\/\/millametelyk.com\/fr\/wp-json\/wp\/v2\/pages\/2141\/revisions"}],"predecessor-version":[{"id":6230,"href":"https:\/\/millametelyk.com\/fr\/wp-json\/wp\/v2\/pages\/2141\/revisions\/6230"}],"wp:attachment":[{"href":"https:\/\/millametelyk.com\/fr\/wp-json\/wp\/v2\/media?parent=2141"}],"curies":[{"name":"wp","href":"https:\/\/api.w.org\/{rel}","templated":true}]}}