{"id":4419,"date":"2020-05-28T22:58:09","date_gmt":"2020-05-28T22:58:09","guid":{"rendered":"https:\/\/millametelyk.com\/?page_id=4419"},"modified":"2024-08-11T21:27:46","modified_gmt":"2024-08-11T21:27:46","slug":"wishlist","status":"publish","type":"page","link":"https:\/\/millametelyk.com\/fr\/wishlist\/","title":{"rendered":"CADEAUX"},"content":{"rendered":"<p><div class=\"fusion-fullwidth fullwidth-box fusion-builder-row-1 nonhundred-percent-fullwidth non-hundred-percent-height-scrolling\" style=\"--awb-border-radius-top-left:0px;--awb-border-radius-top-right:0px;--awb-border-radius-bottom-right:0px;--awb-border-radius-bottom-left:0px;--awb-flex-wrap:wrap;\" ><div class=\"fusion-builder-row fusion-row\"><div class=\"fusion-layout-column fusion_builder_column fusion-builder-column-0 fusion_builder_column_1_1 1_1 fusion-one-full fusion-column-first fusion-column-last\" style=\"--awb-bg-size:cover;\"><div class=\"fusion-column-wrapper fusion-flex-column-wrapper-legacy\"><div class=\"fusion-sep-clear\"><\/div><div class=\"fusion-separator fusion-has-icon fusion-full-width-sep\" style=\"margin-left: auto;margin-right: auto;margin-top:5%;margin-bottom:0px;width:100%;\"><\/div><div class=\"fusion-sep-clear\"><\/div><div class=\"fusion-text fusion-text-1\" style=\"--awb-font-size:22px;--awb-text-transform:none;\"><p style=\"text-align: center;\" class=\"translation-block\">On m\u2019a souvent demand\u00e9 o\u00f9 \u00e9tait ma liste de souhaits et quel genre<br>\nde cadeaux j\u2019aime, bon la voici, messieurs! Et merci \u00e0 tous les gens<br>\nqui me l\u2019ont demand\u00e9e. Je pense cependant que le premier cadeau<br>\nque vous me faites est le don de votre temps; c\u2019est une petite partie<br>\nde votre vie que vous ne r\u00e9cup\u00e9rerez jamais. Mais j\u2019aime bien s\u00fbr,<br>\n\u00eatre g\u00e2t\u00e9e et je comprends qu\u2019il y a une grande joie \u00e0 donner!<br>\n<br><\/p>\n<h4><\/h4>\n<p style=\"text-align: center;\" class=\"translation-block\">Bien que les cadeaux ne soient pas attendus, ils sont toujours et<br>\nvraiment appr\u00e9ci\u00e9s. Je suis d\u2019avis qu\u2019une charmante surprise est<br>\nun des meilleurs moyens pour conqu\u00e9rir le c\u0153ur d\u2019une femme.<br>\nEnvoyer un cadeau avec anticipation ou l\u2019apporter avec soi est<br>\nune fa\u00e7on \u00e9blouissante de gagner le mien. :- )<\/p>\n<\/div><div class=\"fusion-sep-clear\"><\/div><div class=\"fusion-separator fusion-has-icon fusion-full-width-sep\" style=\"margin-left: auto;margin-right: auto;margin-top:5%;margin-bottom:0px;width:100%;\"><\/div><div class=\"fusion-sep-clear\"><\/div><div class=\"fusion-clearfix\"><\/div><\/div><\/div><\/div><\/div><div class=\"fusion-fullwidth fullwidth-box fusion-builder-row-2 nonhundred-percent-fullwidth non-hundred-percent-height-scrolling fusion-equal-height-columns\" style=\"--awb-border-radius-top-left:0px;--awb-border-radius-top-right:0px;--awb-border-radius-bottom-right:0px;--awb-border-radius-bottom-left:0px;--awb-flex-wrap:wrap;\" ><div class=\"fusion-builder-row fusion-row\"><div class=\"fusion-layout-column fusion_builder_column fusion-builder-column-1 fusion_builder_column_1_2 1_2 fusion-one-half fusion-column-first\" style=\"--awb-bg-size:cover;width:50%;width:calc(50% - ( ( 4% ) * 0.5 ) );margin-right: 4%;\"><div class=\"fusion-column-wrapper fusion-flex-column-wrapper-legacy\"><div class=\"fusion-column-content-centered\"><div class=\"fusion-column-content\"><div class=\"fusion-text fusion-text-2\" style=\"--awb-font-size:22px;--awb-text-transform:none;\"><div class=\"title\" style=\"text-align: center;\">Intime<\/div>\n<p style=\"text-align: center;\"><em>Lors d\u2019un rendez-vous attendu depuis longtemps, ce qui est port\u00e9 en dessous est ce qui inspire une femme \u00e0 se sentir belle dans ses v\u00eatements. La lingerie est l\u2019expression ultime de la f\u00e9minit\u00e9, sa plus secr\u00e8te s\u00e9duction.<\/em><\/p>\n<p style=\"text-align: center;\"><a href=\"https:\/\/shop.bordelle.co.uk\/products\/virtual-gift-voucher\" target=\"_blank\" rel=\"noopener noreferrer\">Bordelle<\/a><br \/>\n<a href=\"https:\/\/us.honeybirdette.com\/collections\/gift-cards\" target=\"_blank\" rel=\"noopener noreferrer\">Honey Birdette<\/a><br \/>\n<a href=\"https:\/\/www.fleurdumal.com\/collections\/gift-cards\" target=\"_blank\" rel=\"noopener noreferrer\">Fleur du Mal<\/a><br \/>\n<a href=\"https:\/\/www.agentprovocateur.com\/int_en\/giftvouchers\" target=\"_blank\" rel=\"noopener noreferrer\">Agent Provocateur<\/a><br \/>\n<a href=\"https:\/\/www.edgeobeyond.com\/products\/gift-voucher\" target=\"_blank\" rel=\"noopener noreferrer\">Edge o\u2019beyond<\/a><br \/>\n<a href=\"https:\/\/www.cristinaaielli.com\/shop\" target=\"_blank\" rel=\"noopener noreferrer\">Christina Aielli (online shop)<\/a><br \/>\n<a href=\"https:\/\/www.studiopia.co.uk\/gift-card\" target=\"_blank\" rel=\"noopener noreferrer\">Studio Pia<\/a><br \/>\n<a href=\"https:\/\/www.victoriassecret.com\/vs\/gift-cards-catalog\/ victoria-s-secret-vs-gift-card-5000006142\" target=\"_blank\" rel=\"noopener noreferrer\">Victoria Secret<\/a><\/p>\n<\/div><div class=\"fusion-text fusion-text-3\" style=\"--awb-text-transform:none;\"><div class=\"title\" style=\"text-align: center;\">V\u00eatements \/ Accessoires<\/div>\n<p style=\"text-align: center;\"><a href=\"https:\/\/www.aritzia.com\/en\/search?cgid=gift-card\" target=\"_blank\" rel=\"noopener noreferrer\">Aritzia<\/a><br \/>\n<a href=\"https:\/\/www.holtrenfrew.com\/gift-cards\" target=\"_blank\" rel=\"noopener noreferrer\">Holt Renfrew<\/a><br \/>\n<a href=\"https:\/\/shop.nordstrom.com\/c\/gift-card-info\" target=\"_blank\" rel=\"noopener noreferrer\">Nordstrom<\/a><\/p>\n<\/div><div class=\"fusion-text fusion-text-4\" style=\"--awb-text-transform:none;\"><div class=\"title\" style=\"text-align: center;\">Mode de vie \/ Voyage<\/div>\n<p style=\"text-align: center;\"><a href=\"https:\/\/www.amazon.ca\/b?ie=UTF8&amp;node=9230166011\" target=\"_blank\" rel=\"noopener noreferrer\">Amazon gift card<\/a><br \/>\n<a href=\"https:\/\/www.giftcards.com\/visa-egift-gift-card\" target=\"_blank\" rel=\"noopener noreferrer\">Visa Virtual eGift card<\/a><br \/>\n<a href=\"https:\/\/www.thebay.com\/c\/custom\/editorial-events\/gift-cards\" target=\"_blank\" rel=\"noopener noreferrer\">Hudson\u2019s Bay<\/a><br \/>\n<a href=\"https:\/\/www.aircanada.com\/ca\/en\/aco\/home\/book\/paymentmethods\/ air-canada-gift-cards.html\" target=\"_blank\" rel=\"noopener noreferrer\">Air Canada<\/a><br \/>\n<a href=\"https:\/\/fourseasons.buyatab.com\/custom\/ fourseasons\/giftcard\/\" target=\"_blank\" rel=\"noopener noreferrer\">Four Seasons Hotels<\/a><\/p>\n<\/div><div class=\"fusion-text fusion-text-5\"><div class=\"title\" style=\"text-align: center;\">Beaut\u00e9 \/ Spa<\/div>\n<p style=\"text-align: center;\"><a href=\"https:\/\/www.sephora.com\/ca\/en\/beauty\/giftcards? country_switch=ca&amp;lang=en\" target=\"_blank\" rel=\"noopener noreferrer\">Sephora<\/a><br \/>\n<a href=\"https:\/\/botabota.ca\/en\/packages\/cartes-cadeaux-monetaires\/\" target=\"_blank\" rel=\"noopener noreferrer\">Bota Bota<\/a><br \/>\n<a href=\"https:\/\/shop.montreal.scandinave.com\/vouchers\/category\/\" target=\"_blank\" rel=\"noopener noreferrer\">Scandinavian Spa Vieux-Montr\u00e9al<\/a><\/p>\n<\/div><div class=\"fusion-text fusion-text-6\" style=\"--awb-text-transform:none;\"><div class=\"title\" style=\"text-align: center;\">Fleurs<\/div>\n<p style=\"text-align: center;\"><em>Les choses exceptionnelles surgissent toujours tout d\u2019un coup ... comme la g\u00e9om\u00e9trie d\u2019une fleur ...<\/em><\/p>\n<p style=\"text-align: center;\"><em>Les fleurs m\u2019apportent toujours un heureux et beau sourire; j\u2019adore un bouquet de fleurs, une orchid\u00e9e ...<\/em><\/p>\n<p style=\"text-align: center;\"><a href=\"https:\/\/www.westmountflorist.com\" target=\"_blank\" rel=\"noopener noreferrer\">Westmount Florist<\/a><br \/>\n<a href=\"https:\/\/www.pourquoipasfleurs.com\" target=\"_blank\" rel=\"noopener noreferrer\">Pourquoi pas fleurs<\/a><\/p>\n<\/div><div class=\"fusion-text fusion-text-7\" style=\"--awb-text-transform:none;\"><p style=\"text-align: center; font-size: 28px;\">Note: Les cartes-cadeaux \u00e9lectroniques doivent \u00eatre envoy\u00e9es \u00e0: millametelyk@gmail.com, merci.<\/p>\n<\/div><\/div><\/div><div class=\"fusion-clearfix\"><\/div><\/div><\/div><div class=\"fusion-layout-column fusion_builder_column fusion-builder-column-2 fusion_builder_column_1_2 1_2 fusion-one-half fusion-column-last\" style=\"--awb-bg-size:cover;width:50%;width:calc(50% - ( ( 4% ) * 0.5 ) );\"><div class=\"fusion-column-wrapper fusion-column-has-shadow fusion-flex-column-wrapper-legacy\"><div class=\"fusion-column-content-centered\"><div class=\"fusion-column-content\"><div class=\"fusion-text fusion-text-8\" style=\"--awb-text-transform:none;\"><p><img decoding=\"async\" class=\"alignnone wp-image-6626 size-large\" src=\"https:\/\/millametelyk.com\/wp-content\/uploads\/2024\/08\/IMG_3827_2Mo-683x1024.jpg\" alt=\"\" width=\"683\" height=\"1024\" srcset=\"https:\/\/millametelyk.com\/wp-content\/uploads\/2024\/08\/IMG_3827_2Mo-8x12.jpg 8w, https:\/\/millametelyk.com\/wp-content\/uploads\/2024\/08\/IMG_3827_2Mo-200x300.jpg 200w, https:\/\/millametelyk.com\/wp-content\/uploads\/2024\/08\/IMG_3827_2Mo-400x600.jpg 400w, https:\/\/millametelyk.com\/wp-content\/uploads\/2024\/08\/IMG_3827_2Mo-600x900.jpg 600w, https:\/\/millametelyk.com\/wp-content\/uploads\/2024\/08\/IMG_3827_2Mo-683x1024.jpg 683w, https:\/\/millametelyk.com\/wp-content\/uploads\/2024\/08\/IMG_3827_2Mo-768x1152.jpg 768w, https:\/\/millametelyk.com\/wp-content\/uploads\/2024\/08\/IMG_3827_2Mo-800x1200.jpg 800w, https:\/\/millametelyk.com\/wp-content\/uploads\/2024\/08\/IMG_3827_2Mo-1024x1536.jpg 1024w, https:\/\/millametelyk.com\/wp-content\/uploads\/2024\/08\/IMG_3827_2Mo-1200x1800.jpg 1200w, https:\/\/millametelyk.com\/wp-content\/uploads\/2024\/08\/IMG_3827_2Mo-1365x2048.jpg 1365w, https:\/\/millametelyk.com\/wp-content\/uploads\/2024\/08\/IMG_3827_2Mo-scaled.jpg 1707w\" sizes=\"(max-width: 683px) 100vw, 683px\" \/><\/p>\n<\/div><\/div><\/div><div class=\"fusion-clearfix\"><\/div><\/div><\/div><\/div><\/div><div class=\"fusion-fullwidth fullwidth-box fusion-builder-row-3 nonhundred-percent-fullwidth non-hundred-percent-height-scrolling fusion-equal-height-columns\" style=\"--awb-border-radius-top-left:0px;--awb-border-radius-top-right:0px;--awb-border-radius-bottom-right:0px;--awb-border-radius-bottom-left:0px;--awb-margin-top:0px;--awb-margin-bottom:0px;--awb-background-color:#181819;--awb-flex-wrap:wrap;\" ><div class=\"fusion-builder-row fusion-row\"><div class=\"fusion-layout-column fusion_builder_column fusion-builder-column-3 fusion_builder_column_1_4 1_4 fusion-one-fourth fusion-column-first\" style=\"--awb-bg-color:#181819;--awb-bg-color-hover:#181819;--awb-bg-size:cover;width:25%;width:calc(25% - ( ( 4% + 4% ) * 0.25 ) );margin-right: 4%;\"><div class=\"fusion-column-wrapper fusion-flex-column-wrapper-legacy\"><div class=\"fusion-column-content-centered\"><div class=\"fusion-column-content\"><div class=\"fusion-widget-area awb-widget-area-element fusion-widget-area-1 fusion-content-widget-area\" style=\"--awb-title-size:22px;--awb-background-color:#181819;--awb-title-color:#747474;--awb-padding:0px 0px 0px 0px;\"><div id=\"tweets-widget-2\" class=\"widget tweets\" style=\"background-color: #181819;\"><div class=\"heading\"><h4 class=\"widget-title\">Recent Tweets<\/h4><\/div>\t\t\t\t\n\t\t<div style=\"overflow:hidden\">\n\t\t\t\t\t\t\t\t\t\t\t<a class=\"twitter-timeline\" data-dnt=\"true\" href=\"https:\/\/twitter.com\/millametelyk\" data-width=\"\" data-height=\"200px\" width=\"\" height=\"200px\" data-theme=\"light\" data-link-color=\"#333333\" data-border-color=\"#ebeaea\" data-chrome=\"\">Tweets by millametelyk<\/a>\n\t\t\t\t\t\t\t\n\t\t\t\t\t\t\t\t\t\t\t<script async src=\"\/\/platform.twitter.com\/widgets.js\" charset=\"utf-8\"><\/script>\n\t\t\t\t\t\t\t\n\t\t<\/div>\n\t\t<\/div><div class=\"fusion-additional-widget-content\"><\/div><\/div><\/div><\/div><div class=\"fusion-clearfix\"><\/div><\/div><\/div><div class=\"fusion-layout-column fusion_builder_column fusion-builder-column-4 fusion_builder_column_1_2 1_2 fusion-one-half fusion-column-no-min-height\" style=\"--awb-bg-color:#181819;--awb-bg-color-hover:#181819;--awb-bg-size:cover;--awb-margin-top:30px;width:50%;width:calc(50% - ( ( 4% + 4% ) * 0.5 ) );margin-right: 4%;\"><div class=\"fusion-column-wrapper fusion-flex-column-wrapper-legacy\"><div class=\"fusion-column-content-centered\"><div class=\"fusion-column-content\"><div class=\"fusion-text fusion-text-9\" style=\"--awb-font-size:22px;--awb-text-transform:none;\"><p style=\"text-align: center; padding-left: 30px;\"><span style=\"color: #ffffff;\">If we have illusions and false ideas about who and what we are, and how we got here, then that illusory state is just going to continue to the future. We need to understand the forces that were involved in shaping the modern world. We have to know where we come from, if we want to have a clear idea of where we\u2019re going.<\/span><\/p>\n<p style=\"text-align: center; padding-left: 30px;\"><span style=\"color: #ffffff;\">\u00a0 \u00a0 \u00a0 \u00a0 \u00a0 \u00a0 \u00a0 \u00a0 \u00a0 \u00a0 \u00a0 \u00a0 \u00a0 \u00a0 \u00a0 \u00a0 \u00a0 \u00a0 \u00a0 \u00a0 \u00a0 \u00a0 \u00a0 \u00a0 \u00a0 \u00a0 \u00a0 \u00a0 \u00a0 \u00a0 \u00a0 \u00a0 \u00a0 \u00a0 \u00a0 \u00a0 \u00a0 \u00a0 \u00a0 \u00a0 \u00a0 \u00a0 \u00a0 \u00a0 \u00a0 \u00a0 \u00a0 \u00a0 \u00a0 \u00a0 \u00a0 \u00a0 \u00a0 \u00a0 \u00a0 \u00a0 \u00a0 \u00a0 \u00a0 \u00a0 \u00a0 \u00a0 \u00a0 \u00a0 \u00a0 \u00a0 \u00a0 \u00a0 \u00a0 \u00a0 \u00a0 \u00a0 \u00a0 \u00a0 \u00a0 \u00a0 \u00a0 \u00a0 \u00a0 <i><\/i><\/span><\/p>\n<\/div><\/div><\/div><div class=\"fusion-clearfix\"><\/div><\/div><\/div><div class=\"fusion-layout-column fusion_builder_column fusion-builder-column-5 fusion_builder_column_1_4 1_4 fusion-one-fourth fusion-column-last\" style=\"--awb-bg-size:cover;width:25%;width:calc(25% - ( ( 4% + 4% ) * 0.25 ) );\"><div class=\"fusion-column-wrapper fusion-flex-column-wrapper-legacy\"><div class=\"fusion-clearfix\"><\/div><\/div><\/div><\/div><\/div>\n<\/p>","protected":false},"excerpt":{"rendered":"","protected":false},"author":2,"featured_media":0,"parent":0,"menu_order":0,"comment_status":"open","ping_status":"closed","template":"100-width.php","meta":{"footnotes":""},"class_list":["post-4419","page","type-page","status-publish","hentry"],"yoast_head":"<!-- This site is optimized with the Yoast SEO Premium plugin v27.0 (Yoast SEO v27.4) - https:\/\/yoast.com\/product\/yoast-seo-premium-wordpress\/ -->\n<title>WISHLIST &#8902; Milla Metelyk<\/title>\n<meta name=\"robots\" content=\"index, follow, max-snippet:-1, max-image-preview:large, max-video-preview:-1\" \/>\n<link rel=\"canonical\" href=\"https:\/\/millametelyk.com\/fr\/wishlist\/\" \/>\n<meta property=\"og:locale\" content=\"fr_CA\" \/>\n<meta property=\"og:type\" content=\"article\" \/>\n<meta property=\"og:title\" content=\"WISHLIST\" \/>\n<meta property=\"og:url\" content=\"https:\/\/millametelyk.com\/fr\/wishlist\/\" \/>\n<meta property=\"og:site_name\" content=\"Milla Metelyk\" \/>\n<meta property=\"article:modified_time\" content=\"2024-08-11T21:27:46+00:00\" \/>\n<meta property=\"og:image\" content=\"https:\/\/millametelyk.com\/wp-content\/uploads\/2024\/08\/IMG_3827_2Mo-683x1024.jpg\" \/>\n<meta name=\"twitter:card\" content=\"summary_large_image\" \/>\n<meta name=\"twitter:label1\" content=\"Estimation du temps de lecture\" \/>\n\t<meta name=\"twitter:data1\" content=\"5 minutes\" \/>\n<script type=\"application\/ld+json\" class=\"yoast-schema-graph\">{\"@context\":\"https:\\\/\\\/schema.org\",\"@graph\":[{\"@type\":\"WebPage\",\"@id\":\"https:\\\/\\\/millametelyk.com\\\/wishlist\\\/\",\"url\":\"https:\\\/\\\/millametelyk.com\\\/wishlist\\\/\",\"name\":\"WISHLIST &#8902; Milla Metelyk\",\"isPartOf\":{\"@id\":\"https:\\\/\\\/millametelyk.com\\\/#website\"},\"primaryImageOfPage\":{\"@id\":\"https:\\\/\\\/millametelyk.com\\\/wishlist\\\/#primaryimage\"},\"image\":{\"@id\":\"https:\\\/\\\/millametelyk.com\\\/wishlist\\\/#primaryimage\"},\"thumbnailUrl\":\"https:\\\/\\\/millametelyk.com\\\/wp-content\\\/uploads\\\/2024\\\/08\\\/IMG_3827_2Mo-683x1024.jpg\",\"datePublished\":\"2020-05-28T22:58:09+00:00\",\"dateModified\":\"2024-08-11T21:27:46+00:00\",\"breadcrumb\":{\"@id\":\"https:\\\/\\\/millametelyk.com\\\/wishlist\\\/#breadcrumb\"},\"inLanguage\":\"fr-CA\",\"potentialAction\":[{\"@type\":\"ReadAction\",\"target\":[\"https:\\\/\\\/millametelyk.com\\\/wishlist\\\/\"]}]},{\"@type\":\"ImageObject\",\"inLanguage\":\"fr-CA\",\"@id\":\"https:\\\/\\\/millametelyk.com\\\/wishlist\\\/#primaryimage\",\"url\":\"https:\\\/\\\/millametelyk.com\\\/wp-content\\\/uploads\\\/2024\\\/08\\\/IMG_3827_2Mo-683x1024.jpg\",\"contentUrl\":\"https:\\\/\\\/millametelyk.com\\\/wp-content\\\/uploads\\\/2024\\\/08\\\/IMG_3827_2Mo-683x1024.jpg\"},{\"@type\":\"BreadcrumbList\",\"@id\":\"https:\\\/\\\/millametelyk.com\\\/wishlist\\\/#breadcrumb\",\"itemListElement\":[{\"@type\":\"ListItem\",\"position\":1,\"name\":\"Home\",\"item\":\"https:\\\/\\\/millametelyk.com\\\/\"},{\"@type\":\"ListItem\",\"position\":2,\"name\":\"WISHLIST\"}]},{\"@type\":\"WebSite\",\"@id\":\"https:\\\/\\\/millametelyk.com\\\/#website\",\"url\":\"https:\\\/\\\/millametelyk.com\\\/\",\"name\":\"Milla Metelyk\",\"description\":\"Top Class Courtesan &amp; Elite Travel Companion\",\"publisher\":{\"@id\":\"https:\\\/\\\/millametelyk.com\\\/#\\\/schema\\\/person\\\/fbc5b03cfce08f97592cc5f231882754\"},\"potentialAction\":[{\"@type\":\"SearchAction\",\"target\":{\"@type\":\"EntryPoint\",\"urlTemplate\":\"https:\\\/\\\/millametelyk.com\\\/?s={search_term_string}\"},\"query-input\":{\"@type\":\"PropertyValueSpecification\",\"valueRequired\":true,\"valueName\":\"search_term_string\"}}],\"inLanguage\":\"fr-CA\"},{\"@type\":[\"Person\",\"Organization\"],\"@id\":\"https:\\\/\\\/millametelyk.com\\\/#\\\/schema\\\/person\\\/fbc5b03cfce08f97592cc5f231882754\",\"name\":\"millametelyk\",\"image\":{\"@type\":\"ImageObject\",\"inLanguage\":\"fr-CA\",\"@id\":\"https:\\\/\\\/millametelyk.com\\\/wp-content\\\/uploads\\\/2020\\\/10\\\/20-Photo1-lux_FucshiaBodysuitSet_4-scaled.jpeg\",\"url\":\"https:\\\/\\\/millametelyk.com\\\/wp-content\\\/uploads\\\/2020\\\/10\\\/20-Photo1-lux_FucshiaBodysuitSet_4-scaled.jpeg\",\"contentUrl\":\"https:\\\/\\\/millametelyk.com\\\/wp-content\\\/uploads\\\/2020\\\/10\\\/20-Photo1-lux_FucshiaBodysuitSet_4-scaled.jpeg\",\"width\":1708,\"height\":2560,\"caption\":\"millametelyk\"},\"logo\":{\"@id\":\"https:\\\/\\\/millametelyk.com\\\/wp-content\\\/uploads\\\/2020\\\/10\\\/20-Photo1-lux_FucshiaBodysuitSet_4-scaled.jpeg\"}}]}<\/script>\n<!-- \/ Yoast SEO Premium plugin. -->","yoast_head_json":{"title":"WISHLIST &#8902; Milla Metelyk","robots":{"index":"index","follow":"follow","max-snippet":"max-snippet:-1","max-image-preview":"max-image-preview:large","max-video-preview":"max-video-preview:-1"},"canonical":"https:\/\/millametelyk.com\/fr\/wishlist\/","og_locale":"fr_CA","og_type":"article","og_title":"WISHLIST","og_url":"https:\/\/millametelyk.com\/fr\/wishlist\/","og_site_name":"Milla Metelyk","article_modified_time":"2024-08-11T21:27:46+00:00","og_image":[{"url":"https:\/\/millametelyk.com\/wp-content\/uploads\/2024\/08\/IMG_3827_2Mo-683x1024.jpg","type":"","width":"","height":""}],"twitter_card":"summary_large_image","twitter_misc":{"Estimation du temps de lecture":"5 minutes"},"schema":{"@context":"https:\/\/schema.org","@graph":[{"@type":"WebPage","@id":"https:\/\/millametelyk.com\/wishlist\/","url":"https:\/\/millametelyk.com\/wishlist\/","name":"WISHLIST &#8902; Milla Metelyk","isPartOf":{"@id":"https:\/\/millametelyk.com\/#website"},"primaryImageOfPage":{"@id":"https:\/\/millametelyk.com\/wishlist\/#primaryimage"},"image":{"@id":"https:\/\/millametelyk.com\/wishlist\/#primaryimage"},"thumbnailUrl":"https:\/\/millametelyk.com\/wp-content\/uploads\/2024\/08\/IMG_3827_2Mo-683x1024.jpg","datePublished":"2020-05-28T22:58:09+00:00","dateModified":"2024-08-11T21:27:46+00:00","breadcrumb":{"@id":"https:\/\/millametelyk.com\/wishlist\/#breadcrumb"},"inLanguage":"fr-CA","potentialAction":[{"@type":"ReadAction","target":["https:\/\/millametelyk.com\/wishlist\/"]}]},{"@type":"ImageObject","inLanguage":"fr-CA","@id":"https:\/\/millametelyk.com\/wishlist\/#primaryimage","url":"https:\/\/millametelyk.com\/wp-content\/uploads\/2024\/08\/IMG_3827_2Mo-683x1024.jpg","contentUrl":"https:\/\/millametelyk.com\/wp-content\/uploads\/2024\/08\/IMG_3827_2Mo-683x1024.jpg"},{"@type":"BreadcrumbList","@id":"https:\/\/millametelyk.com\/wishlist\/#breadcrumb","itemListElement":[{"@type":"ListItem","position":1,"name":"Home","item":"https:\/\/millametelyk.com\/"},{"@type":"ListItem","position":2,"name":"WISHLIST"}]},{"@type":"WebSite","@id":"https:\/\/millametelyk.com\/#website","url":"https:\/\/millametelyk.com\/","name":"Milla Metelyk","description":"Top Class Courtesan &amp; Elite Travel Companion","publisher":{"@id":"https:\/\/millametelyk.com\/#\/schema\/person\/fbc5b03cfce08f97592cc5f231882754"},"potentialAction":[{"@type":"SearchAction","target":{"@type":"EntryPoint","urlTemplate":"https:\/\/millametelyk.com\/?s={search_term_string}"},"query-input":{"@type":"PropertyValueSpecification","valueRequired":true,"valueName":"search_term_string"}}],"inLanguage":"fr-CA"},{"@type":["Person","Organization"],"@id":"https:\/\/millametelyk.com\/#\/schema\/person\/fbc5b03cfce08f97592cc5f231882754","name":"millametelyk","image":{"@type":"ImageObject","inLanguage":"fr-CA","@id":"https:\/\/millametelyk.com\/wp-content\/uploads\/2020\/10\/20-Photo1-lux_FucshiaBodysuitSet_4-scaled.jpeg","url":"https:\/\/millametelyk.com\/wp-content\/uploads\/2020\/10\/20-Photo1-lux_FucshiaBodysuitSet_4-scaled.jpeg","contentUrl":"https:\/\/millametelyk.com\/wp-content\/uploads\/2020\/10\/20-Photo1-lux_FucshiaBodysuitSet_4-scaled.jpeg","width":1708,"height":2560,"caption":"millametelyk"},"logo":{"@id":"https:\/\/millametelyk.com\/wp-content\/uploads\/2020\/10\/20-Photo1-lux_FucshiaBodysuitSet_4-scaled.jpeg"}}]}},"_links":{"self":[{"href":"https:\/\/millametelyk.com\/fr\/wp-json\/wp\/v2\/pages\/4419","targetHints":{"allow":["GET"]}}],"collection":[{"href":"https:\/\/millametelyk.com\/fr\/wp-json\/wp\/v2\/pages"}],"about":[{"href":"https:\/\/millametelyk.com\/fr\/wp-json\/wp\/v2\/types\/page"}],"author":[{"embeddable":true,"href":"https:\/\/millametelyk.com\/fr\/wp-json\/wp\/v2\/users\/2"}],"replies":[{"embeddable":true,"href":"https:\/\/millametelyk.com\/fr\/wp-json\/wp\/v2\/comments?post=4419"}],"version-history":[{"count":69,"href":"https:\/\/millametelyk.com\/fr\/wp-json\/wp\/v2\/pages\/4419\/revisions"}],"predecessor-version":[{"id":6628,"href":"https:\/\/millametelyk.com\/fr\/wp-json\/wp\/v2\/pages\/4419\/revisions\/6628"}],"wp:attachment":[{"href":"https:\/\/millametelyk.com\/fr\/wp-json\/wp\/v2\/media?parent=4419"}],"curies":[{"name":"wp","href":"https:\/\/api.w.org\/{rel}","templated":true}]}}